{"id":119,"date":"2020-02-11T18:43:59","date_gmt":"2020-02-11T17:43:59","guid":{"rendered":"http:\/\/www.christinegrill.at\/?page_id=119"},"modified":"2022-11-20T20:16:27","modified_gmt":"2022-11-20T19:16:27","slug":"impressum-datenschutz","status":"publish","type":"page","link":"http:\/\/www.christinegrill.at\/?page_id=119","title":{"rendered":"Impressum\/Datenschutz"},"content":{"rendered":"<pre>Mag. Christine Grill\nKlinische und Gesundheitspsychologin\nPsychotherapeutin - Existenzanalyse\n\nTelefon 0699\/17022118\nHomepage: www.christinegrill.at\nE-Mail: therapie@christinegrill.at\n\nBaumkirchnerring 9\/11\n2700 Wiener Neustadt\n\nEingetragen in der Liste der Klinischen und Gesundheitspsychologen und \nin der Liste der Psychotherapeuten des Bundesministeriums f\u00fcr Gesundheit,\nFamilie und Jugend.\nSitz des Medieninhabers: Wiener Neustadt\nVolle Offenlegungspflicht: Nein\nErkl\u00e4rung \u00fcber die grundlegende Richtung des Mediums: Information \u00fcber \ndie berufliche T\u00e4tigkeit von Mag. Christine Grill.\n\nDatenschutzinformation: Es werden keine personenbezogenen Daten gespeichert.\nDiese Website enth\u00e4lt Links zu anderen Websites oder Social Media Sites. \nWenn Sie auf einen solchen Link klicken, der zu Websites von Dritten f\u00fchrt,\nist zu beachten, dass diese Websites eigene Datenschutzbestimmungen haben.\nBitte \u00fcberpr\u00fcfen Sie die Datenschutzbestimmungen bei Verwendung dieser \nWebsites, da wir keine wie immer geartete Verantwortung oder Haftung f\u00fcr \nWebsites von Dritten \u00fcbernehmen.\n\nEine Haftung f\u00fcr die Richtigkeit und Vollst\u00e4ndigkeit dieser Website wird\nausdr\u00fccklich ausgeschlossen.<\/pre>\n","protected":false},"excerpt":{"rendered":"<p>Mag. Christine Grill Klinische und Gesundheitspsychologin Psychotherapeutin &#8211; Existenzanalyse Telefon 0699\/17022118 Homepage: www.christinegrill.at E-Mail: therapie@christinegrill.at Baumkirchnerring 9\/11 2700 Wiener Neustadt Eingetragen in der Liste der Klinischen und Gesundheitspsychologen und in der Liste der Psychotherapeuten des Bundesministeriums f\u00fcr Gesundheit, Familie und Jugend. Sitz des Medieninhabers: Wiener Neustadt Volle Offenlegungspflicht: Nein Erkl\u00e4rung \u00fcber die grundlegende Richtung des &hellip; <\/p>\n<p class=\"link-more\"><a href=\"http:\/\/www.christinegrill.at\/?page_id=119\" class=\"more-link\"><span class=\"screen-reader-text\">\u201eImpressum\/Datenschutz\u201c<\/span> weiterlesen<\/a><\/p>\n","protected":false},"author":1,"featured_media":0,"parent":0,"menu_order":0,"comment_status":"closed","ping_status":"closed","template":"","meta":{"footnotes":""},"class_list":["post-119","page","type-page","status-publish","hentry"],"_links":{"self":[{"href":"http:\/\/www.christinegrill.at\/index.php?rest_route=\/wp\/v2\/pages\/119","targetHints":{"allow":["GET"]}}],"collection":[{"href":"http:\/\/www.christinegrill.at\/index.php?rest_route=\/wp\/v2\/pages"}],"about":[{"href":"http:\/\/www.christinegrill.at\/index.php?rest_route=\/wp\/v2\/types\/page"}],"author":[{"embeddable":true,"href":"http:\/\/www.christinegrill.at\/index.php?rest_route=\/wp\/v2\/users\/1"}],"replies":[{"embeddable":true,"href":"http:\/\/www.christinegrill.at\/index.php?rest_route=%2Fwp%2Fv2%2Fcomments&post=119"}],"version-history":[{"count":5,"href":"http:\/\/www.christinegrill.at\/index.php?rest_route=\/wp\/v2\/pages\/119\/revisions"}],"predecessor-version":[{"id":155,"href":"http:\/\/www.christinegrill.at\/index.php?rest_route=\/wp\/v2\/pages\/119\/revisions\/155"}],"wp:attachment":[{"href":"http:\/\/www.christinegrill.at\/index.php?rest_route=%2Fwp%2Fv2%2Fmedia&parent=119"}],"curies":[{"name":"wp","href":"https:\/\/api.w.org\/{rel}","templated":true}]}}